{"id":23,"date":"2021-04-14T14:52:50","date_gmt":"2021-04-14T12:52:50","guid":{"rendered":"http:\/\/sophielohnert-sophrologue.fr\/?page_id=23"},"modified":"2023-01-16T14:30:30","modified_gmt":"2023-01-16T13:30:30","slug":"accueil","status":"publish","type":"page","link":"https:\/\/sophielohnert-sophrologue.fr\/","title":{"rendered":"Accueil"},"content":{"rendered":"<p>[et_pb_section fb_built=&#8221;1&#8243; _builder_version=&#8221;4.6.6&#8243; _module_preset=&#8221;default&#8221; background_color=&#8221;#fffaf3&#8243; custom_margin=&#8221;-1px||||false|false&#8221; custom_padding=&#8221;19px|||||&#8221;][et_pb_row _builder_version=&#8221;4.6.6&#8243; _module_preset=&#8221;default&#8221;][et_pb_column type=&#8221;4_4&#8243; _builder_version=&#8221;4.6.6&#8243; _module_preset=&#8221;default&#8221;][et_pb_slider dot_nav_custom_color=&#8221;#4f5383&#8243; _builder_version=&#8221;4.6.6&#8243; _module_preset=&#8221;default&#8221; header_text_color=&#8221;#4f5383&#8243; header_font_size=&#8221;28px&#8221; body_text_color=&#8221;#4f5383&#8243; custom_padding=&#8221;47px||47px||true|false&#8221; custom_padding_tablet=&#8221;&#8221; custom_padding_phone=&#8221;10px||10px||true|false&#8221; custom_padding_last_edited=&#8221;on|phone&#8221; animation_style=&#8221;fade&#8221; animation_duration=&#8221;300ms&#8221; auto=&#8221;on&#8221; auto_speed=&#8221;6000&#8243; custom_css_slide_description=&#8221;text-shadow:none !important&#8221; custom_css_slide_title=&#8221;text-shadow:none !important&#8221;][et_pb_slide heading=&#8221;\u00ab Pourquoi ne pas d\u00e9cider d\u2019\u00eatre heureux d\u00e8s aujourd\u2019hui ? \u00bb&#8221; _builder_version=&#8221;4.6.6&#8243; _module_preset=&#8221;default&#8221; header_level=&#8221;h2&#8243; background_color=&#8221;rgba(252,188,193,0.19)&#8221; background_enable_color=&#8221;on&#8221; sticky_transition=&#8221;on&#8221;][\/et_pb_slide][et_pb_slide heading=&#8221;\u00ab Donner un nouveau souffle \u00e0 votre quotidien, tout est entre vos mains \u00bb&#8221; _builder_version=&#8221;4.6.6&#8243; _module_preset=&#8221;default&#8221; background_color=&#8221;rgba(182,192,191,0.36)&#8221; background_enable_color=&#8221;on&#8221; sticky_transition=&#8221;on&#8221;][\/et_pb_slide][et_pb_slide heading=&#8221;\u00ab Osez \u00eatre l\u2019acteur principal de votre vie \u00bb&#8221; _builder_version=&#8221;4.6.6&#8243; _module_preset=&#8221;default&#8221; background_color=&#8221;rgba(252,188,193,0.19)&#8221; background_enable_color=&#8221;on&#8221; sticky_transition=&#8221;on&#8221;][\/et_pb_slide][et_pb_slide heading=&#8221;\u00ab Ayez le courage de suivre votre c\u0153ur et votre intuition. L&#8217;un et l&#8217;autre savent ce que vous voulez r\u00e9ellement devenir. Le reste est secondaire. \u00bb &#8221; _builder_version=&#8221;4.6.6&#8243; _module_preset=&#8221;default&#8221; background_color=&#8221;rgba(182,192,191,0.36)&#8221; background_enable_color=&#8221;on&#8221; sticky_transition=&#8221;on&#8221;]Steve Jobs[\/et_pb_slide][et_pb_slide heading=&#8221;\u00ab Prends soin de ton c\u0153ur, ton c\u0153ur prendra soin de ta vie \u00bb &#8221; _builder_version=&#8221;4.6.6&#8243; _module_preset=&#8221;default&#8221; background_color=&#8221;rgba(252,188,193,0.19)&#8221; background_enable_color=&#8221;on&#8221; sticky_transition=&#8221;on&#8221;]Alfonso Caycedo[\/et_pb_slide][\/et_pb_slider][et_pb_text _builder_version=&#8221;4.6.6&#8243; _module_preset=&#8221;default&#8221; custom_padding=&#8221;42px||||false|false&#8221;]<\/p>\n<p style=\"text-align: center;\"><span style=\"font-size: large;\">Certifi\u00e9e et sp\u00e9cialiste en :<\/span><\/p>\n<p style=\"text-align: center;\"><em>Probl\u00e9matiques entreprises<\/em><br \/><em> P\u00e9rinatalit\u00e9 et parentalit\u00e9<\/em><br \/><em> Enfants et adolescents<\/em><\/p>\n<p style=\"text-align: center;\">Je vous accompagne dans l\u2019accomplissement de vos projets en entreprise, en individuel et en s\u00e9minaire<br \/>\u00e0 mon cabinet, en t\u00e9l\u00e9-consultations ou \u00e0 votre domicile.<\/p>\n<p>[\/et_pb_text][\/et_pb_column][\/et_pb_row][\/et_pb_section][et_pb_section fb_built=&#8221;1&#8243; _builder_version=&#8221;4.6.6&#8243; _module_preset=&#8221;default&#8221; background_image=&#8221;http:\/\/sophielohnert-sophrologue.fr\/wp-content\/uploads\/2021\/05\/fleurs-droite-ok.png&#8221; background_size=&#8221;contain&#8221; background_position=&#8221;center_right&#8221; background_last_edited=&#8221;on|desktop&#8221; background_image_tablet=&#8221;http:\/\/sophielohnert-sophrologue.fr\/wp-content\/uploads\/2021\/04\/fleurs-droite-tablette.png&#8221; background_image_phone=&#8221;http:\/\/sophielohnert-sophrologue.fr\/wp-content\/uploads\/2021\/04\/fleurs-centre-cell.png&#8221; background_enable_image_tablet=&#8221;on&#8221; background_enable_image_phone=&#8221;on&#8221; background_size_tablet=&#8221;initial&#8221; background_size_phone=&#8221;initial&#8221; background_position_phone=&#8221;bottom_center&#8221; filter_opacity_tablet=&#8221;&#8221; filter_opacity_phone=&#8221;&#8221; filter_opacity_last_edited=&#8221;on|desktop&#8221; title_text_tablet=&#8221;fleurs-droite-tablette&#8221; title_text_phone=&#8221;fleurs-centre-cell&#8221;][et_pb_row column_structure=&#8221;3_4,1_4&#8243; _builder_version=&#8221;4.6.6&#8243; _module_preset=&#8221;default&#8221; custom_margin=&#8221;-28px||-16px||false|false&#8221; custom_margin_tablet=&#8221;-38px||-38px||true|false&#8221; custom_margin_phone=&#8221;&#8221; custom_margin_last_edited=&#8221;on|tablet&#8221;][et_pb_column type=&#8221;3_4&#8243; _builder_version=&#8221;4.6.6&#8243; _module_preset=&#8221;default&#8221;][et_pb_text _builder_version=&#8221;4.6.6&#8243; _module_preset=&#8221;default&#8221;]<\/p>\n<h2>La sophrologie<\/h2>\n<p>[\/et_pb_text][et_pb_text _builder_version=&#8221;4.6.6&#8243; _module_preset=&#8221;default&#8221; custom_margin=&#8221;||||false|false&#8221; custom_margin_tablet=&#8221;|190px|||false|false&#8221; custom_margin_phone=&#8221;|0px|121px||false|false&#8221; custom_margin_last_edited=&#8221;on|tablet&#8221;]<\/p>\n<p>La sophrologie est une m\u00e9thode psychocorporelle con\u00e7ue par le Docteur Cayc\u00e9do, neuropsychiatre espagnol dans les ann\u00e9es 60.<br \/>\n\u00c9tymologiquement c\u2019est l\u2019\u00e9tude de la conscience en \u00e9quilibre.<br \/>\nC\u2019est une th\u00e9rapie br\u00e8ve, exclusivement verbale et non tactile qui utilise un ensemble de techniques qui vont \u00e0 la fois agir sur le corps et sur le mental.<br \/>\nGrace \u00e0 des exercices de respirations, de d\u00e9tente musculaire et de visualisation positives, retrouvez confiance, apprenez \u00e0 g\u00e9rer stress et \u00e9motions n\u00e9gatives. D\u00e9velopper votre conscience et vos capacit\u00e9s en \u00e9coutant vos sensations. Apprenez \u00e0 maitriser votre souffle pour maitriser votre vie.<\/p>\n<p>Cette pratique permet de rel\u00e2cher les tensions corporelles, mieux g\u00e9rer ses \u00e9motions et son mental et prendre du recul. Elle permet de se charger en vitalit\u00e9, ainsi que de retrouver l\u2019estime de soi. Elle est efficace pour pallier les moments de pression et de doute.\n<\/p>\n<p>[\/et_pb_text][\/et_pb_column][et_pb_column type=&#8221;1_4&#8243; _builder_version=&#8221;4.6.6&#8243; _module_preset=&#8221;default&#8221;][\/et_pb_column][\/et_pb_row][\/et_pb_section][et_pb_section fb_built=&#8221;1&#8243; _builder_version=&#8221;4.6.6&#8243; _module_preset=&#8221;default&#8221; background_color=&#8221;#fffaf3&#8243;][et_pb_row _builder_version=&#8221;4.6.6&#8243; _module_preset=&#8221;default&#8221; custom_margin=&#8221;-28px||||false|false&#8221; custom_margin_tablet=&#8221;-40px||||false|false&#8221; custom_margin_phone=&#8221;&#8221; custom_margin_last_edited=&#8221;on|tablet&#8221;][et_pb_column type=&#8221;4_4&#8243; _builder_version=&#8221;4.6.6&#8243; _module_preset=&#8221;default&#8221;][et_pb_text _builder_version=&#8221;4.6.6&#8243; _module_preset=&#8221;default&#8221;]<\/p>\n<h2>Pour qui ?<\/h2>\n<p>[\/et_pb_text][\/et_pb_column][\/et_pb_row][et_pb_row column_structure=&#8221;1_2,1_2&#8243; _builder_version=&#8221;4.6.6&#8243; _module_preset=&#8221;default&#8221; background_image=&#8221;http:\/\/sophielohnert-sophrologue.fr\/wp-content\/uploads\/2021\/05\/fleur-violette-ok-1.png&#8221; background_size=&#8221;contain&#8221; custom_margin=&#8221;-21px|auto||auto||&#8221; custom_padding=&#8221;19px||0px|||&#8221; background_last_edited=&#8221;on|tablet&#8221; background_enable_image_tablet=&#8221;off&#8221;][et_pb_column type=&#8221;1_2&#8243; _builder_version=&#8221;4.6.6&#8243; _module_preset=&#8221;default&#8221;][et_pb_text content_tablet=&#8221;<\/p>\n<h3>Individuel<\/h3>\n<p>La sophrologie s\u2019adresse \u00e0 tout type de public :<br \/>&#8211; Les enfants et les adolescents<br \/>&#8211; Les femmes enceintes<br \/>&#8211; Les actifs(ves)<br \/>&#8211; Les s\u00e9niors<\/p>\n<p>Pourquoi ?<br \/> &#8211; Gestion du stress, de l\u2019anxi\u00e9t\u00e9, des douleurs physiques et mentales.<br \/> &#8211; Troubles de la concentration, du sommeil et de la m\u00e9moire.<br \/> &#8211; Pr\u00e9paration \u00e0 l\u2019accouchement, aux examens et aux comp\u00e9titions sportives.<br \/> &#8211; Soutien lors d\u2019un traitement m\u00e9dical.<br \/> &#8211; Accompagnement dans le traitement des addictions et des phobies.<br \/> &#8211; Prise en main d\u2019un mal \u00eatre passager.<br \/> &#8211; Retour \u00e0 la responsabilit\u00e9 et \u00e0 la libert\u00e9 d\u2019agir.<\/p>\n<\/p>\n<p>&#8221; content_phone=&#8221;<\/p>\n<h3>Individuel<\/h3>\n<p>La sophrologie s\u2019adresse \u00e0 tout type de public :<br \/>&#8211; Les enfants et les adolescents<br \/>&#8211; Les femmes enceintes<br \/>&#8211; Les actifs(ves)<br \/>&#8211; Les s\u00e9niors<\/p>\n<p>Pourquoi ?<br \/> &#8211; Gestion du stress, de l\u2019anxi\u00e9t\u00e9, des douleurs physiques et mentales<br \/> &#8211; Troubles de la concentration, du sommeil et de la m\u00e9moire<br \/> &#8211; Pr\u00e9paration \u00e0 l\u2019accouchement, aux examens et aux comp\u00e9titions sportives<br \/> &#8211; Soutien lors d\u2019un traitement m\u00e9dical<br \/> &#8211; Accompagnement dans le traitement des addictions et des phobies.<br \/> &#8211; Prise en main d\u2019un mal \u00eatre passager<br \/> &#8211; Retour \u00e0 la responsabilit\u00e9 et \u00e0 la libert\u00e9 d\u2019agir<\/p>\n<p> &#8221; content_last_edited=&#8221;on|phone&#8221; _builder_version=&#8221;4.6.6&#8243; _module_preset=&#8221;default&#8221; header_3_text_color=&#8221;#4f5383&#8243; header_3_font_size=&#8221;30px&#8221; background_enable_image=&#8221;off&#8221; background_size=&#8221;initial&#8221; background_position=&#8221;center_right&#8221; custom_margin=&#8221;|||1px|false|false&#8221; custom_margin_tablet=&#8221;||||false|false&#8221; custom_margin_phone=&#8221;|-48px||0px|false|false&#8221; custom_margin_last_edited=&#8221;on|phone&#8221; custom_padding=&#8221;|35px|0px||false|false&#8221; custom_padding_tablet=&#8221;&#8221; custom_padding_phone=&#8221;|83px|||false|false&#8221; custom_padding_last_edited=&#8221;on|desktop&#8221; hover_enabled=&#8221;0&#8243; background_last_edited=&#8221;on|tablet&#8221; background_image_tablet=&#8221;http:\/\/sophielohnert-sophrologue.fr\/wp-content\/uploads\/2021\/05\/fleur-violette-cell.png&#8221; background_image_phone=&#8221;http:\/\/sophielohnert-sophrologue.fr\/wp-content\/uploads\/2021\/05\/fleur-violette-cell.png&#8221; background_enable_image_tablet=&#8221;on&#8221; background_enable_image_phone=&#8221;on&#8221; background_size_tablet=&#8221;contain&#8221; background_size_phone=&#8221;contain&#8221; background_position_tablet=&#8221;center_right&#8221; background_position_phone=&#8221;top_right&#8221; title_text_tablet=&#8221;fleur-violette-cell&#8221; title_text_phone=&#8221;fleur-violette-cell&#8221; sticky_enabled=&#8221;0&#8243;]<\/p>\n<h3>Individuel<\/h3>\n<p>La sophrologie s\u2019adresse \u00e0 tout type de public :<br \/>&#8211; Les enfants et les adolescents<br \/>&#8211; Les femmes enceintes<br \/>&#8211; Les actifs(ves)<br \/>&#8211; Les s\u00e9niors<\/p>\n<p>Pourquoi ?<br \/> &#8211; Gestion du stress, de l\u2019anxi\u00e9t\u00e9, des douleurs physiques et mentales<br \/> &#8211; Troubles de la concentration, du sommeil et de la m\u00e9moire<br \/> &#8211; Pr\u00e9paration \u00e0 l\u2019accouchement, aux examens et aux comp\u00e9titions sportives<br \/> &#8211; Soutien lors d\u2019un traitement m\u00e9dical<br \/> &#8211; Accompagnement dans le traitement des addictions et des phobies.<br \/> &#8211; Prise en main d\u2019un mal \u00eatre passager<br \/> &#8211; Retour \u00e0 la responsabilit\u00e9 et \u00e0 la libert\u00e9 d\u2019agir<\/p>\n<p>&nbsp;<\/p>\n<p>[\/et_pb_text][\/et_pb_column][et_pb_column type=&#8221;1_2&#8243; _builder_version=&#8221;4.6.6&#8243; _module_preset=&#8221;default&#8221;][et_pb_text content_tablet=&#8221;<\/p>\n<h3>Entreprises<\/h3>\n<p>Immerg\u00e9e dans le monde de l\u2019entreprise pendant 13 ans je peux vous proposer un programme sur-mesure en fonction de vos probl\u00e9matiques et objectifs professionnels.<\/p>\n<p>&#8211; Gestion du stress et l\u2019am\u00e9lioration de la qualit\u00e9 de vie au travail.<br \/> &#8211; Accompagnement des \u00e9quipes dans les changements de mode de travail.<br \/> &#8211; Pr\u00e9vention des risques psycho-sociaux.<br \/> &#8211; Gestion de la coexistence et des conflits. Coh\u00e9sion d\u2019\u00e9quipe.<br \/> &#8211; Am\u00e9lioration des performances et atteinte des objectifs.<\/p>\n<p><strong>Contactez-moi pour recevoir un devis personnalis\u00e9.<\/strong><\/p>\n<p>&nbsp;<\/p>\n<p>&nbsp;<\/p>\n<p>&#8221; content_phone=&#8221;<\/p>\n<h3>Entreprises<\/h3>\n<p>Immerg\u00e9e dans le monde de l\u2019entreprise pendant 13 ans je peux vous proposer un programme sur-mesure en fonction de vos probl\u00e9matiques et objectifs professionnels.<\/p>\n<p>&#8211; Gestion du stress et l\u2019am\u00e9lioration de la qualit\u00e9 de vie au travail.<br \/> &#8211; Accompagnement des \u00e9quipes dans les changements de mode de travail<br \/> &#8211; Pr\u00e9vention des risques psycho-sociaux.<br \/> &#8211; Gestion de la coexistence et des conflits. Coh\u00e9sion d\u2019\u00e9quipe.<br \/> &#8211; Am\u00e9lioration des performances et atteinte des objectifs.<\/p>\n<p><strong>Contactez-moi pour recevoir un devis personnalis\u00e9.<\/strong><\/p>\n<p>&nbsp;<\/p>\n<p>&#8221; content_last_edited=&#8221;on|phone&#8221; _builder_version=&#8221;4.6.6&#8243; _module_preset=&#8221;default&#8221; header_3_text_color=&#8221;#4f5383&#8243; header_3_font_size=&#8221;30px&#8221; custom_margin=&#8221;|||25px|false|false&#8221; custom_margin_tablet=&#8221;0px|||2px|false|false&#8221; custom_margin_phone=&#8221;10px|-48px||-6px|false|false&#8221; custom_margin_last_edited=&#8221;on|phone&#8221; custom_padding=&#8221;||0px|||&#8221; custom_padding_tablet=&#8221;|110px|0px||false|false&#8221; custom_padding_phone=&#8221;|100px|||false|false&#8221; custom_padding_last_edited=&#8221;on|phone&#8221; hover_enabled=&#8221;0&#8243; background_last_edited=&#8221;on|phone&#8221; background_image_tablet=&#8221;http:\/\/sophielohnert-sophrologue.fr\/wp-content\/uploads\/2021\/05\/fleur-violette-cell.png&#8221; background_image_phone=&#8221;http:\/\/sophielohnert-sophrologue.fr\/wp-content\/uploads\/2021\/05\/fleur-violette-cell.png&#8221; background_enable_image_tablet=&#8221;on&#8221; background_enable_image_phone=&#8221;on&#8221; background_size_tablet=&#8221;contain&#8221; background_size_phone=&#8221;contain&#8221; background_position_tablet=&#8221;center_right&#8221; background_position_phone=&#8221;center_right&#8221; text_orientation_tablet=&#8221;&#8221; text_orientation_phone=&#8221;left&#8221; text_orientation_last_edited=&#8221;on|phone&#8221; title_text_phone=&#8221;fleur-violette-cell&#8221; title_text_tablet=&#8221;fleur-violette-cell&#8221; sticky_enabled=&#8221;0&#8243;]<\/p>\n<h3>Entreprises<\/h3>\n<p>Immerg\u00e9e dans le monde de l\u2019entreprise pendant 13 ans je peux vous proposer un programme sur-mesure en fonction de vos probl\u00e9matiques et objectifs professionnels.<\/p>\n<p>&#8211; Gestion du stress et l\u2019am\u00e9lioration de la qualit\u00e9 de vie au travail.<br \/>&#8211; Accompagnement des \u00e9quipes dans les changements de mode de travail<br \/>&#8211; Pr\u00e9vention des risques psycho-sociaux.<br \/>&#8211; Gestion de la coexistence et des conflits. Coh\u00e9sion d\u2019\u00e9quipe.<br \/>&#8211; Am\u00e9lioration des performances et atteinte des objectifs.<\/p>\n<p><strong>Contactez-moi pour recevoir un devis personnalis\u00e9.<\/strong><\/p>\n<p>&nbsp;<\/p>\n<p>[\/et_pb_text][\/et_pb_column][\/et_pb_row][et_pb_row _builder_version=&#8221;4.6.6&#8243; _module_preset=&#8221;default&#8221;][et_pb_column type=&#8221;4_4&#8243; _builder_version=&#8221;4.6.6&#8243; _module_preset=&#8221;default&#8221;][et_pb_text _builder_version=&#8221;4.6.6&#8243; _module_preset=&#8221;default&#8221; hover_enabled=&#8221;0&#8243; sticky_enabled=&#8221;0&#8243; width=&#8221;46%&#8221; module_alignment=&#8221;center&#8221; width_last_edited=&#8221;on|phone&#8221; width_phone=&#8221;100%&#8221; header_3_text_color=&#8221;#4f5383&#8243; header_3_font_size=&#8221;30px&#8221;]<\/p>\n<h3>Organisation de s\u00e9minaires<\/h3>\n<p><span>Animation d&#8217;ateliers de sophrologie lors des parenth\u00e8ses au vert de Com&#8217; \u00e0 l&#8217;Air Libre. Invitation \u00e0 randonner en petit comit\u00e9 sur les sentiers de la r\u00e9flexion qui font grandir, \u00e0 la crois\u00e9e des chemins inspirants du d\u00e9veloppement personnel, de la communication et de la r\u00e9alisation professionnelle.<\/span><\/p>\n<p><span>Prendre le temps de sortir des sentiers battus des \u00e9crans et des bureaux, pour se connecter \u00e0 la nature, marcher et r\u00e9fl\u00e9chir.<\/span><\/p>\n<p>[\/et_pb_text][\/et_pb_column][\/et_pb_row][\/et_pb_section][et_pb_section fb_built=&#8221;1&#8243; _builder_version=&#8221;4.6.6&#8243; _module_preset=&#8221;default&#8221;][et_pb_row _builder_version=&#8221;4.6.6&#8243; _module_preset=&#8221;default&#8221; custom_margin=&#8221;-28px||||false|false&#8221; custom_margin_tablet=&#8221;-24px||||false|false&#8221; custom_margin_phone=&#8221;&#8221; custom_margin_last_edited=&#8221;on|tablet&#8221;][et_pb_column type=&#8221;4_4&#8243; _builder_version=&#8221;4.6.6&#8243; _module_preset=&#8221;default&#8221;][et_pb_text _builder_version=&#8221;4.6.6&#8243; _module_preset=&#8221;default&#8221; header_2_font_size_tablet=&#8221;&#8221; header_2_font_size_phone=&#8221;28px&#8221; header_2_font_size_last_edited=&#8221;on|phone&#8221;]<\/p>\n<h2>Ceux qui m&#8217;ont fait confiance<\/h2>\n<p>[\/et_pb_text][et_pb_text _builder_version=&#8221;4.6.6&#8243; _module_preset=&#8221;default&#8221;]<\/p>\n<p>L&#8217;Hopital Bichat: Maison des Femmes<br \/>Com&#8217;\u00e0 l&#8217;Air Libre: s\u00e9minaires d\u00e9veloppement personnel<br \/>Uzik: agence de communication<br \/>Skin &amp; Out: solutions acn\u00e9<br \/>Jeannou Mange Comme Nous: plateforme de suivi nutri-p\u00e9diatrique<br \/>La cr\u00e8che la baleine Bleu vieux Lyon<br \/> L\u2019\u00e9cole Gerson Lyon 5<br \/>Pr\u00e9pa Jeanson de Sailly<br \/> Collaboration avec des psychologues, ost\u00e9opathes et sages-femmes \u00e0 Paris et \u00e0 Lyon<\/p>\n<p>[\/et_pb_text][\/et_pb_column][\/et_pb_row][\/et_pb_section]<\/p>\n","protected":false},"excerpt":{"rendered":"<p>[et_pb_section fb_built=&#8221;1&#8243; _builder_version=&#8221;4.6.6&#8243; _module_preset=&#8221;default&#8221; background_color=&#8221;#fffaf3&#8243; custom_margin=&#8221;-1px||||false|false&#8221; custom_padding=&#8221;19px|||||&#8221;][et_pb_row _builder_version=&#8221;4.6.6&#8243; _module_preset=&#8221;default&#8221;][et_pb_column type=&#8221;4_4&#8243; _builder_version=&#8221;4.6.6&#8243; _module_preset=&#8221;default&#8221;][et_pb_slider dot_nav_custom_color=&#8221;#4f5383&#8243; _builder_version=&#8221;4.6.6&#8243; _module_preset=&#8221;default&#8221; header_text_color=&#8221;#4f5383&#8243; header_font_size=&#8221;28px&#8221; body_text_color=&#8221;#4f5383&#8243; custom_padding=&#8221;47px||47px||true|false&#8221; custom_padding_tablet=&#8221;&#8221; custom_padding_phone=&#8221;10px||10px||true|false&#8221; custom_padding_last_edited=&#8221;on|phone&#8221; animation_style=&#8221;fade&#8221; animation_duration=&#8221;300ms&#8221; auto=&#8221;on&#8221; auto_speed=&#8221;6000&#8243; custom_css_slide_description=&#8221;text-shadow:none !important&#8221; custom_css_slide_title=&#8221;text-shadow:none !important&#8221;][et_pb_slide heading=&#8221;\u00ab Pourquoi ne pas d\u00e9cider d\u2019\u00eatre heureux d\u00e8s aujourd\u2019hui ? \u00bb&#8221; _builder_version=&#8221;4.6.6&#8243; _module_preset=&#8221;default&#8221; header_level=&#8221;h2&#8243; background_color=&#8221;rgba(252,188,193,0.19)&#8221; background_enable_color=&#8221;on&#8221; sticky_transition=&#8221;on&#8221;][\/et_pb_slide][et_pb_slide heading=&#8221;\u00ab Donner un nouveau souffle \u00e0 votre quotidien, [&hellip;]<\/p>\n","protected":false},"author":1,"featured_media":0,"parent":0,"menu_order":0,"comment_status":"closed","ping_status":"closed","template":"","meta":{"_et_pb_use_builder":"on","_et_pb_old_content":"","_et_gb_content_width":""},"_links":{"self":[{"href":"https:\/\/sophielohnert-sophrologue.fr\/index.php\/wp-json\/wp\/v2\/pages\/23"}],"collection":[{"href":"https:\/\/sophielohnert-sophrologue.fr\/index.php\/wp-json\/wp\/v2\/pages"}],"about":[{"href":"https:\/\/sophielohnert-sophrologue.fr\/index.php\/wp-json\/wp\/v2\/types\/page"}],"author":[{"embeddable":true,"href":"https:\/\/sophielohnert-sophrologue.fr\/index.php\/wp-json\/wp\/v2\/users\/1"}],"replies":[{"embeddable":true,"href":"https:\/\/sophielohnert-sophrologue.fr\/index.php\/wp-json\/wp\/v2\/comments?post=23"}],"version-history":[{"count":68,"href":"https:\/\/sophielohnert-sophrologue.fr\/index.php\/wp-json\/wp\/v2\/pages\/23\/revisions"}],"predecessor-version":[{"id":741,"href":"https:\/\/sophielohnert-sophrologue.fr\/index.php\/wp-json\/wp\/v2\/pages\/23\/revisions\/741"}],"wp:attachment":[{"href":"https:\/\/sophielohnert-sophrologue.fr\/index.php\/wp-json\/wp\/v2\/media?parent=23"}],"curies":[{"name":"wp","href":"https:\/\/api.w.org\/{rel}","templated":true}]}}