{"id":55,"date":"2021-04-14T15:39:07","date_gmt":"2021-04-14T13:39:07","guid":{"rendered":"http:\/\/sophielohnert-sophrologue.fr\/?page_id=55"},"modified":"2023-01-18T15:41:46","modified_gmt":"2023-01-18T14:41:46","slug":"une-seance","status":"publish","type":"page","link":"https:\/\/sophielohnert-sophrologue.fr\/index.php\/une-seance\/","title":{"rendered":"Une s\u00e9ance"},"content":{"rendered":"<p>[et_pb_section fb_built=&#8221;1&#8243; specialty=&#8221;on&#8221; _builder_version=&#8221;4.6.6&#8243; _module_preset=&#8221;default&#8221; background_color=&#8221;#fffaf3&#8243; background_image=&#8221;http:\/\/sophielohnert-sophrologue.fr\/wp-content\/uploads\/2021\/05\/fleurs-gauche-tablette-ok-2.png&#8221; background_size=&#8221;contain&#8221; background_position=&#8221;bottom_left&#8221; width_tablet=&#8221;&#8221; width_phone=&#8221;&#8221; width_last_edited=&#8221;on|desktop&#8221; custom_margin=&#8221;-2px||||false|false&#8221; custom_margin_tablet=&#8221;&#8221; custom_margin_phone=&#8221;25px||||false|false&#8221; custom_margin_last_edited=&#8221;on|phone&#8221; custom_padding=&#8221;30px||||false|false&#8221; background_last_edited=&#8221;on|phone&#8221; background_image_phone=&#8221;http:\/\/sophielohnert-sophrologue.fr\/wp-content\/uploads\/2021\/05\/fleurs-centre-cell2.png&#8221; background_enable_image_phone=&#8221;on&#8221; background_position_phone=&#8221;top_left&#8221; title_text_phone=&#8221;fleurs-centre-cell2&#8243;][et_pb_column type=&#8221;1_3&#8243; _builder_version=&#8221;3.25&#8243; custom_padding=&#8221;|||&#8221; custom_padding__hover=&#8221;|||&#8221;][\/et_pb_column][et_pb_column type=&#8221;2_3&#8243; specialty_columns=&#8221;2&#8243; _builder_version=&#8221;3.25&#8243; custom_padding=&#8221;|||&#8221; custom_padding__hover=&#8221;|||&#8221;][et_pb_row_inner custom_padding_last_edited=&#8221;on|phone&#8221; _builder_version=&#8221;4.6.6&#8243; _module_preset=&#8221;default&#8221; custom_margin=&#8221;||||false|false&#8221; custom_margin_tablet=&#8221;-129px||||false|false&#8221; custom_margin_phone=&#8221;47px||||false|false&#8221; custom_margin_last_edited=&#8221;on|phone&#8221; custom_padding=&#8221;13px||14px||false|false&#8221; custom_padding_tablet=&#8221;|50px|14px|50px|false|true&#8221; custom_padding_phone=&#8221;0px|||0px|false|false&#8221; background_last_edited=&#8221;on|tablet&#8221; background_enable_image_tablet=&#8221;off&#8221; title_text_tablet=&#8221;fleurs-gauche-tablette-okok&#8221;][et_pb_column_inner saved_specialty_column_type=&#8221;2_3&#8243; _builder_version=&#8221;4.6.6&#8243; _module_preset=&#8221;default&#8221;][et_pb_text _builder_version=&#8221;4.6.6&#8243; _module_preset=&#8221;default&#8221;]<\/p>\n<h2>Une s\u00e9ance<\/h2>\n<p>[\/et_pb_text][et_pb_text _builder_version=&#8221;4.6.6&#8243; _module_preset=&#8221;default&#8221; custom_margin=&#8221;||9px|||&#8221;]<\/p>\n<p>Lors de notre premi\u00e8re rencontre, nous commen\u00e7ons par un entretien qui me permettra d\u2019identifier vos besoins, vos attentes et vos objectifs. Je pourrais ainsi pr\u00e9parer pour vous un accompagnement personnalis\u00e9.<\/p>\n<p>Le nombre de s\u00e9ances varie en fonction des personnes, de leur probl\u00e9matique et leur disponibilit\u00e9 entre chaque rendez-vous.<br \/> G\u00e9n\u00e9ralement entre 6 et 10 s\u00e9ances suffisent pour atteindre l\u2019autonomie dont vous avez besoin et vos objectifs.<\/p>\n<p>La s\u00e9ance peut commencer par des mouvements pour bien prendre conscience de notre corps puis nous faisons une pratique devisualisation mentale avec un objectif pr\u00e9cis.<\/p>\n<p>A la fin de la s\u00e9ance nous prenons un temps pour d\u00e9crire nos sensations et \u00e9changer notre v\u00e9cu.<br \/> Puis \u00e0 chaque d\u00e9but de s\u00e9ance suivante nous revenons sur votre pratique de la m\u00e9thode au quotidien et nous expliquons le contenu de la s\u00e9ance \u00e0 venir.<\/p>\n<p>Il est important pour moi de vous accompagner dans le respect du code de la d\u00e9ontologie de la profession, le secret professionnel \u00e9tant au c\u0153ur de notre alliance.<\/p>\n<p>La sophrologie peut \u00eatre pratiqu\u00e9e en compl\u00e9ment d\u2019un suivi m\u00e9dical mais ne saurait, en aucun cas, s\u2019y substituer.<\/p>\n<p>[\/et_pb_text][\/et_pb_column_inner][\/et_pb_row_inner][et_pb_row_inner column_structure=&#8221;1_2,1_2&#8243; _builder_version=&#8221;4.6.6&#8243; _module_preset=&#8221;default&#8221;][et_pb_column_inner type=&#8221;1_2&#8243; saved_specialty_column_type=&#8221;2_3&#8243; _builder_version=&#8221;4.6.6&#8243; _module_preset=&#8221;default&#8221;][et_pb_text _builder_version=&#8221;4.6.6&#8243; _module_preset=&#8221;default&#8221; header_2_font_size=&#8221;25px&#8221; width=&#8221;100%&#8221; hover_enabled=&#8221;0&#8243; custom_css_main_element_last_edited=&#8221;on|tablet&#8221; custom_css_main_element_tablet=&#8221;float:left;&#8221; sticky_enabled=&#8221;0&#8243;]<\/p>\n<h2>Je prends rendez-vous<\/h2>\n<p>[\/et_pb_text][\/et_pb_column_inner][et_pb_column_inner type=&#8221;1_2&#8243; saved_specialty_column_type=&#8221;2_3&#8243; _builder_version=&#8221;4.6.6&#8243; _module_preset=&#8221;default&#8221;][et_pb_text _builder_version=&#8221;4.6.6&#8243; _module_preset=&#8221;default&#8221; hover_enabled=&#8221;0&#8243; custom_css_main_element=&#8221;float:right;&#8221; custom_css_main_element_last_edited=&#8221;on|tablet&#8221; custom_css_main_element_tablet=&#8221;float:left&#8221; sticky_enabled=&#8221;0&#8243; custom_margin_last_edited=&#8221;on|tablet&#8221; custom_margin_tablet=&#8221;-24px||||false|false&#8221;]<a href=\"https:\/\/www.resalib.fr\/praticien\/42621-sophie-lohnert-sophrologue-paris#newrdvmodal\" style=\"display: block; text-align: center; background-color: #4f5383; color: #ffffff; font-size: 14px; overflow: hidden; width: 160px; height: 35px; bottom: 0; right: 5px; z-index: 1000; border-top-left-radius: 4px; border-bottom-right-radius: 4px; border-bottom-left-radius: 4px; border-top-right-radius: 4px; line-height: 35px;\" target=\"_blank\" data-reactroot=\"\" rel=\"noopener noreferrer\"><img style=\"height: 15px; margin-bottom: 3px; vertical-align: middle; width: auto;\" src=\"http:\/\/sophielohnert-sophrologue.fr\/wp-content\/uploads\/2023\/01\/logo-resalib.png\" alt=\"Resalib\" \/><\/a>[\/et_pb_text][\/et_pb_column_inner][\/et_pb_row_inner][et_pb_row_inner column_structure=&#8221;1_2,1_2&#8243; _builder_version=&#8221;4.6.6&#8243; _module_preset=&#8221;default&#8221;][et_pb_column_inner type=&#8221;1_2&#8243; saved_specialty_column_type=&#8221;2_3&#8243; _builder_version=&#8221;4.6.6&#8243; _module_preset=&#8221;default&#8221;][et_pb_image src=&#8221;http:\/\/sophielohnert-sophrologue.fr\/wp-content\/uploads\/2021\/05\/08_DB44844.jpeg&#8221; title_text=&#8221;08_DB44844&#8243; align_tablet=&#8221;center&#8221; align_phone=&#8221;&#8221; align_last_edited=&#8221;on|tablet&#8221; _builder_version=&#8221;4.6.6&#8243; _module_preset=&#8221;default&#8221;][\/et_pb_image][\/et_pb_column_inner][et_pb_column_inner type=&#8221;1_2&#8243; saved_specialty_column_type=&#8221;2_3&#8243; _builder_version=&#8221;4.6.6&#8243; _module_preset=&#8221;default&#8221;][et_pb_image src=&#8221;http:\/\/sophielohnert-sophrologue.fr\/wp-content\/uploads\/2021\/05\/Sophie-Lohnert.jpeg&#8221; title_text=&#8221;Sophie Lohnert&#8221; align_tablet=&#8221;center&#8221; align_phone=&#8221;&#8221; align_last_edited=&#8221;on|tablet&#8221; _builder_version=&#8221;4.6.6&#8243; _module_preset=&#8221;default&#8221;][\/et_pb_image][\/et_pb_column_inner][\/et_pb_row_inner][\/et_pb_column][\/et_pb_section]<\/p>\n","protected":false},"excerpt":{"rendered":"<p>[et_pb_section fb_built=&#8221;1&#8243; specialty=&#8221;on&#8221; _builder_version=&#8221;4.6.6&#8243; _module_preset=&#8221;default&#8221; background_color=&#8221;#fffaf3&#8243; background_image=&#8221;http:\/\/sophielohnert-sophrologue.fr\/wp-content\/uploads\/2021\/05\/fleurs-gauche-tablette-ok-2.png&#8221; background_size=&#8221;contain&#8221; background_position=&#8221;bottom_left&#8221; width_tablet=&#8221;&#8221; width_phone=&#8221;&#8221; width_last_edited=&#8221;on|desktop&#8221; custom_margin=&#8221;-2px||||false|false&#8221; custom_margin_tablet=&#8221;&#8221; custom_margin_phone=&#8221;25px||||false|false&#8221; custom_margin_last_edited=&#8221;on|phone&#8221; custom_padding=&#8221;30px||||false|false&#8221; background_last_edited=&#8221;on|phone&#8221; background_image_phone=&#8221;http:\/\/sophielohnert-sophrologue.fr\/wp-content\/uploads\/2021\/05\/fleurs-centre-cell2.png&#8221; background_enable_image_phone=&#8221;on&#8221; background_position_phone=&#8221;top_left&#8221; title_text_phone=&#8221;fleurs-centre-cell2&#8243;][et_pb_column type=&#8221;1_3&#8243; _builder_version=&#8221;3.25&#8243; custom_padding=&#8221;|||&#8221; custom_padding__hover=&#8221;|||&#8221;][\/et_pb_column][et_pb_column type=&#8221;2_3&#8243; specialty_columns=&#8221;2&#8243; _builder_version=&#8221;3.25&#8243; custom_padding=&#8221;|||&#8221; custom_padding__hover=&#8221;|||&#8221;][et_pb_row_inner custom_padding_last_edited=&#8221;on|phone&#8221; _builder_version=&#8221;4.6.6&#8243; _module_preset=&#8221;default&#8221; custom_margin=&#8221;||||false|false&#8221; custom_margin_tablet=&#8221;-129px||||false|false&#8221; custom_margin_phone=&#8221;47px||||false|false&#8221; custom_margin_last_edited=&#8221;on|phone&#8221; custom_padding=&#8221;13px||14px||false|false&#8221; custom_padding_tablet=&#8221;|50px|14px|50px|false|true&#8221; custom_padding_phone=&#8221;0px|||0px|false|false&#8221; background_last_edited=&#8221;on|tablet&#8221; background_enable_image_tablet=&#8221;off&#8221; title_text_tablet=&#8221;fleurs-gauche-tablette-okok&#8221;][et_pb_column_inner saved_specialty_column_type=&#8221;2_3&#8243; _builder_version=&#8221;4.6.6&#8243; _module_preset=&#8221;default&#8221;][et_pb_text _builder_version=&#8221;4.6.6&#8243; _module_preset=&#8221;default&#8221;] Une s\u00e9ance [\/et_pb_text][et_pb_text _builder_version=&#8221;4.6.6&#8243; _module_preset=&#8221;default&#8221; custom_margin=&#8221;||9px|||&#8221;] [&hellip;]<\/p>\n","protected":false},"author":1,"featured_media":0,"parent":0,"menu_order":0,"comment_status":"closed","ping_status":"closed","template":"","meta":{"_et_pb_use_builder":"on","_et_pb_old_content":"","_et_gb_content_width":""},"_links":{"self":[{"href":"https:\/\/sophielohnert-sophrologue.fr\/index.php\/wp-json\/wp\/v2\/pages\/55"}],"collection":[{"href":"https:\/\/sophielohnert-sophrologue.fr\/index.php\/wp-json\/wp\/v2\/pages"}],"about":[{"href":"https:\/\/sophielohnert-sophrologue.fr\/index.php\/wp-json\/wp\/v2\/types\/page"}],"author":[{"embeddable":true,"href":"https:\/\/sophielohnert-sophrologue.fr\/index.php\/wp-json\/wp\/v2\/users\/1"}],"replies":[{"embeddable":true,"href":"https:\/\/sophielohnert-sophrologue.fr\/index.php\/wp-json\/wp\/v2\/comments?post=55"}],"version-history":[{"count":43,"href":"https:\/\/sophielohnert-sophrologue.fr\/index.php\/wp-json\/wp\/v2\/pages\/55\/revisions"}],"predecessor-version":[{"id":772,"href":"https:\/\/sophielohnert-sophrologue.fr\/index.php\/wp-json\/wp\/v2\/pages\/55\/revisions\/772"}],"wp:attachment":[{"href":"https:\/\/sophielohnert-sophrologue.fr\/index.php\/wp-json\/wp\/v2\/media?parent=55"}],"curies":[{"name":"wp","href":"https:\/\/api.w.org\/{rel}","templated":true}]}}